{"id":267,"date":"2015-09-18T17:57:40","date_gmt":"2015-09-18T15:57:40","guid":{"rendered":"http:\/\/www.4x4avm.pl\/?page_id=267"},"modified":"2015-09-25T15:54:41","modified_gmt":"2015-09-25T13:54:41","slug":"akcesoria-do-sprzegow","status":"publish","type":"page","link":"http:\/\/www.4x4avm.pl\/index.php\/akcesoria-off-road\/akcesoria-do-sprzegow\/","title":{"rendered":"Akcesoria do sprz\u0119g\u00f3w"},"content":{"rendered":"<p style=\"text-align: center;\"><span style=\"text-decoration: underline;\"><strong>Zestawy naprawcze<\/strong><\/span><\/p>\n<p style=\"text-align: center;\"><a href=\"http:\/\/sklep.4x4team.com.pl\/sprzegi\/akcesoriac.html\" target=\"_blank\"><img loading=\"lazy\" decoding=\"async\" data-attachment-id=\"279\" data-permalink=\"http:\/\/www.4x4avm.pl\/index.php\/akcesoria-off-road\/akcesoria-do-sprzegow\/kit-4-401b\/#main\" data-orig-file=\"http:\/\/www.4x4avm.pl\/wp-content\/uploads\/2015\/09\/kit-4.401b.png\" data-orig-size=\"2588,1684\" data-comments-opened=\"1\" data-image-meta=\"{&quot;aperture&quot;:&quot;0&quot;,&quot;credit&quot;:&quot;&quot;,&quot;camera&quot;:&quot;&quot;,&quot;caption&quot;:&quot;&quot;,&quot;created_timestamp&quot;:&quot;0&quot;,&quot;copyright&quot;:&quot;&quot;,&quot;focal_length&quot;:&quot;0&quot;,&quot;iso&quot;:&quot;0&quot;,&quot;shutter_speed&quot;:&quot;0&quot;,&quot;title&quot;:&quot;&quot;,&quot;orientation&quot;:&quot;0&quot;}\" data-image-title=\"kit 4.401 avm\" data-image-description=\"\" data-image-caption=\"\" data-medium-file=\"http:\/\/www.4x4avm.pl\/wp-content\/uploads\/2015\/09\/kit-4.401b-300x195.png\" data-large-file=\"http:\/\/www.4x4avm.pl\/wp-content\/uploads\/2015\/09\/kit-4.401b-1024x666.png\" class=\"aligncenter wp-image-279\" title=\"zestaw naprawczy avm\" src=\"http:\/\/4x4avm.pl\/wp-content\/uploads\/2015\/09\/kit-4.401b-1024x666.png\" alt=\"zestaw naprawczy avm\" width=\"480\" height=\"312\" srcset=\"http:\/\/www.4x4avm.pl\/wp-content\/uploads\/2015\/09\/kit-4.401b-1024x666.png 1024w, http:\/\/www.4x4avm.pl\/wp-content\/uploads\/2015\/09\/kit-4.401b-300x195.png 300w\" sizes=\"(max-width: 480px) 100vw, 480px\" \/><\/a><\/p>\n<p style=\"text-align: center;\">W sk\u0142ad ka\u017cdego zestawu wchodzi to co konieczne przy ponownym monta\u017cu sprz\u0119gie\u0142ka (uszczelki i \u015brubki) . Na zdj\u0119ciu przedstawiony przyk\u0142adowy zestaw naprawczy. Sk\u0142ad poszczeg\u00f3lnych zestaw\u00f3w mo\u017ce si\u0119 mi\u0119dzy sob\u0105 r\u00f3\u017cni\u0107 gdy\u017c s\u0105 one dedykowany do konkretnych sprz\u0119g\u00f3w.<\/p>\n<p style=\"text-align: center;\">Przy ka\u017cdym demonta\u017cu sprz\u0119gie\u0142 zaleca si\u0119 zastosowa\u0107 nowe uszczelki i wymieni\u0107 uszkodzone \u015brubki.<\/p>\n<p style=\"text-align: center;\">Szczeg\u00f3\u0142owy opis aplikacji dost\u0119pny w zak\u0142adce:\u00a0<a href=\"http:\/\/www.4x4avm.pl\/index.php\/katalogi\/\">Katalogi<\/a><\/p>\n<p style=\"text-align: center;\"><span style=\"text-decoration: underline;\"><strong>Pokr\u0119t\u0142a<\/strong><\/span><\/p>\n<p style=\"text-align: center;\"><a href=\"http:\/\/sklep.4x4team.com.pl\/sprzegi\/akcesoriac.html\" target=\"_blank\"><img loading=\"lazy\" decoding=\"async\" data-attachment-id=\"276\" data-permalink=\"http:\/\/www.4x4avm.pl\/index.php\/akcesoria-off-road\/akcesoria-do-sprzegow\/nowysmall-8\/#main\" data-orig-file=\"http:\/\/www.4x4avm.pl\/wp-content\/uploads\/2015\/09\/Nowysmall-8.png\" data-orig-size=\"538,422\" data-comments-opened=\"1\" data-image-meta=\"{&quot;aperture&quot;:&quot;0&quot;,&quot;credit&quot;:&quot;&quot;,&quot;camera&quot;:&quot;&quot;,&quot;caption&quot;:&quot;&quot;,&quot;created_timestamp&quot;:&quot;0&quot;,&quot;copyright&quot;:&quot;&quot;,&quot;focal_length&quot;:&quot;0&quot;,&quot;iso&quot;:&quot;0&quot;,&quot;shutter_speed&quot;:&quot;0&quot;,&quot;title&quot;:&quot;&quot;,&quot;orientation&quot;:&quot;0&quot;}\" data-image-title=\"pokr\u0119t\u0142a AVM\" data-image-description=\"\" data-image-caption=\"\" data-medium-file=\"http:\/\/www.4x4avm.pl\/wp-content\/uploads\/2015\/09\/Nowysmall-8-300x235.png\" data-large-file=\"http:\/\/www.4x4avm.pl\/wp-content\/uploads\/2015\/09\/Nowysmall-8.png\" class=\"aligncenter size-medium wp-image-276\" src=\"http:\/\/4x4avm.pl\/wp-content\/uploads\/2015\/09\/Nowysmall-8-300x235.png\" alt=\"AVM \" width=\"300\" height=\"235\" srcset=\"http:\/\/www.4x4avm.pl\/wp-content\/uploads\/2015\/09\/Nowysmall-8-300x235.png 300w, http:\/\/www.4x4avm.pl\/wp-content\/uploads\/2015\/09\/Nowysmall-8.png 538w\" sizes=\"(max-width: 300px) 100vw, 300px\" \/><\/a><\/p>\n<p style=\"text-align: center;\">Pokr\u0119t\u0142a za\u0142\u0105czaj\u0105ce\u00a0z o-ringiem do pokrywy sprz\u0119g\u00f3w AVM<\/p>\n<p style=\"text-align: center;\">dost\u0119pne w dw\u00f3ch wersjach: standard i HP<\/p>\n<p style=\"text-align: center;\"><span style=\"text-decoration: underline;\"><strong>\u015aruby<\/strong><\/span><\/p>\n<p style=\"text-align: center;\">\u015aruby na klucz TORX ze sto\u017ckow\u0105 g\u0142\u00f3wk\u0105 do mocowania\u00a0pokrywy sprz\u0119g\u00f3w AVM<\/p>\n<p style=\"text-align: center;\">dost\u0119pne w dw\u00f3ch wersjach: standard (czarne) i nierdzewne<\/p>\n<p style=\"text-align: center;\"><span style=\"text-decoration: underline;\"><strong>Pier\u015bcienie regulacyjne<\/strong><\/span><\/p>\n<p style=\"text-align: center;\"><a href=\"http:\/\/sklep.4x4team.com.pl\/sprzegi\/akcesoriac.html\" target=\"_blank\"><img loading=\"lazy\" decoding=\"async\" data-attachment-id=\"274\" data-permalink=\"http:\/\/www.4x4avm.pl\/index.php\/akcesoria-off-road\/akcesoria-do-sprzegow\/small-5\/#main\" data-orig-file=\"http:\/\/www.4x4avm.pl\/wp-content\/uploads\/2015\/09\/small-5.png\" data-orig-size=\"616,380\" data-comments-opened=\"1\" data-image-meta=\"{&quot;aperture&quot;:&quot;0&quot;,&quot;credit&quot;:&quot;&quot;,&quot;camera&quot;:&quot;&quot;,&quot;caption&quot;:&quot;&quot;,&quot;created_timestamp&quot;:&quot;0&quot;,&quot;copyright&quot;:&quot;&quot;,&quot;focal_length&quot;:&quot;0&quot;,&quot;iso&quot;:&quot;0&quot;,&quot;shutter_speed&quot;:&quot;0&quot;,&quot;title&quot;:&quot;&quot;,&quot;orientation&quot;:&quot;0&quot;}\" data-image-title=\"pier\u015bcienie KIA\" data-image-description=\"\" data-image-caption=\"\" data-medium-file=\"http:\/\/www.4x4avm.pl\/wp-content\/uploads\/2015\/09\/small-5-300x185.png\" data-large-file=\"http:\/\/www.4x4avm.pl\/wp-content\/uploads\/2015\/09\/small-5.png\" class=\"aligncenter size-medium wp-image-274\" src=\"http:\/\/4x4avm.pl\/wp-content\/uploads\/2015\/09\/small-5-300x185.png\" alt=\"zestaw K\" width=\"300\" height=\"185\" srcset=\"http:\/\/www.4x4avm.pl\/wp-content\/uploads\/2015\/09\/small-5-300x185.png 300w, http:\/\/www.4x4avm.pl\/wp-content\/uploads\/2015\/09\/small-5.png 616w\" sizes=\"(max-width: 300px) 100vw, 300px\" \/><\/a><\/p>\n<p style=\"text-align: center;\">Komplet \u00a0pier\u015bcieni regulacyjnych piast przednich do\u00a0<strong>KIA<\/strong><\/p>\n<p style=\"text-align: center;\"><strong>Modele:\u00a0<\/strong>Sportage, Grand Sportage, Retona od 1994 roku; Frontier, Bongo.<\/p>\n<p style=\"text-align: center;\">Pier\u015bcienie regulacyjne z pier\u015bcieniem kontruj\u0105cym skr\u0119canym na \u015bruby &#8211; pozwala za\u0142o\u017cy\u0107 sprz\u0119gi piast inne ni\u017c fabryczne stosowane w KIA z klinami blokuj\u0105cymi.<\/p>\n","protected":false},"excerpt":{"rendered":"<p>Zestawy naprawcze W <a class=\"more-link\" href=\"http:\/\/www.4x4avm.pl\/index.php\/akcesoria-off-road\/akcesoria-do-sprzegow\/\">Wi\u0119cej&#8230;<\/a><\/p>\n","protected":false},"author":1,"featured_media":0,"parent":25,"menu_order":3,"comment_status":"closed","ping_status":"closed","template":"","meta":{"_monsterinsights_skip_tracking":false,"_monsterinsights_sitenote_active":false,"_monsterinsights_sitenote_note":"","_monsterinsights_sitenote_category":0,"jetpack_post_was_ever_published":false,"footnotes":""},"aioseo_notices":[],"jetpack_sharing_enabled":true,"jetpack_shortlink":"https:\/\/wp.me\/P8kI6F-4j","jetpack-related-posts":[],"_links":{"self":[{"href":"http:\/\/www.4x4avm.pl\/index.php\/wp-json\/wp\/v2\/pages\/267"}],"collection":[{"href":"http:\/\/www.4x4avm.pl\/index.php\/wp-json\/wp\/v2\/pages"}],"about":[{"href":"http:\/\/www.4x4avm.pl\/index.php\/wp-json\/wp\/v2\/types\/page"}],"author":[{"embeddable":true,"href":"http:\/\/www.4x4avm.pl\/index.php\/wp-json\/wp\/v2\/users\/1"}],"replies":[{"embeddable":true,"href":"http:\/\/www.4x4avm.pl\/index.php\/wp-json\/wp\/v2\/comments?post=267"}],"version-history":[{"count":6,"href":"http:\/\/www.4x4avm.pl\/index.php\/wp-json\/wp\/v2\/pages\/267\/revisions"}],"predecessor-version":[{"id":330,"href":"http:\/\/www.4x4avm.pl\/index.php\/wp-json\/wp\/v2\/pages\/267\/revisions\/330"}],"up":[{"embeddable":true,"href":"http:\/\/www.4x4avm.pl\/index.php\/wp-json\/wp\/v2\/pages\/25"}],"wp:attachment":[{"href":"http:\/\/www.4x4avm.pl\/index.php\/wp-json\/wp\/v2\/media?parent=267"}],"curies":[{"name":"wp","href":"https:\/\/api.w.org\/{rel}","templated":true}]}}